{"id":2954,"date":"2024-09-26T09:12:26","date_gmt":"2024-09-26T07:12:26","guid":{"rendered":"https:\/\/pusmetall.de\/cms\/?page_id=2954"},"modified":"2024-11-08T09:08:41","modified_gmt":"2024-11-08T08:08:41","slug":"startseite_new","status":"publish","type":"page","link":"https:\/\/pusmetall.de\/cms\/startseite_new\/","title":{"rendered":"Startseite_new"},"content":{"rendered":"<div class=\"wpb-content-wrapper\"><p>[vc_row][vc_column][vc_column_text css=&#8220;&#8220;]<span style=\"color: #000000;\">Herzlich Willkommen auf unserer Website. Die P&amp;S Metalltechnik GmbH wurde im Jahr 1990 durch unseren Gesch\u00e4ftsf\u00fchrer Dirk Sittner gegr\u00fcndet. Die <\/span><span style=\"color: #000000;\">P&amp;S Metalltechnik hat \u00fcber die Jahre seine Produktionsprozesse immer mehr optimiert. Dies gelang uns unter anderem durch den Einsatz von Roboteranlagen, welche unsere Prozesse effizienter und somit kosteng\u00fcnstiger f\u00fcr unsere Kunden gestalten konnten. Unser Spezialgebiet ist die Anfertigung von individuellen Kundenw\u00fcnschen, die wir in kurzer Zeit von der Idee bis zur Produktion umsetzen k\u00f6nnen. Die gelingt uns unter anderem dadurch, dass unsere Anlagen mehrere Fertigungsstufen in einem Arbeitsgang erledigen k\u00f6nnen. Das spart Zeit und unseren Kunden Geld. Weiterhin erzeugen wir mittlerweile ca.60% unseres Energiebedarfes mit eigenen PV Anlagen. Das ist uns besonders wichtig. So k\u00f6nnen wir immer mit konstanten Energiekosten kalkulieren, was wiederum unseren Kunden Preisvorteile schafft. Sollten Sie Fragen zu unseren Produkten und Fertigungsstrecken haben, kontaktieren Sie uns gerne. Die unten angezeigten Rubriken sollen Ihnen einen kleinen \u00dcberblick \u00fcber unsere Fertigungsprozesse geben.<\/span><\/p>\n<p>[\/vc_column_text][\/vc_column][\/vc_row][vc_row][vc_column][vc_separator color=&#8220;blue&#8220; css=&#8220;&#8220;][\/vc_column][\/vc_row][vc_row content_placement=&#8220;middle&#8220; bg_type=&#8220;bg_color&#8220;][vc_column width=&#8220;1\/6&#8243;]\n<div id=\"interactive-banner-1-wrap-6096\" class=\"ult-banner-block ult-adjust-bottom-margin ult-bb-box  banner-style01 \"   style=\"\">\n\t<img decoding=\"async\" src=\"https:\/\/pusmetall.de\/cms\/wp-content\/uploads\/2024\/11\/DSC_6732_photographisches.com_ThomasKruse-2.jpg\" alt=\"null\">\n\t<h2  data-ultimate-target='#interactive-banner-1-wrap-6096 .bb-top-title '  data-responsive-json-new='{\"font-size\":\"\",\"line-height\":\"\"}'  class=\"title-center bb-top-title ult-responsive\" style=\"font-weight:normal;background:#242424;color:#ffffff;\">Laserschneiden<\/h2>\n\t<div class=\"mask opaque-background\" style=\"background:rgba(30,115,190,0.47);\">\n\t\t<div  data-ultimate-target='#interactive-banner-1-wrap-6096 .bb-description'  data-responsive-json-new='{\"font-size\":\"\",\"line-height\":\"\"}'  class=\"bb-description ult-responsive\" style=\"font-weight:normal;color:#ffffff;\">Hier kann etwas zu der Rubrik stehen!<\/div>\n\t<\/div><a class=\"bb-link\" href=\"https:\/\/pusmetall.de\/cms\/rohrlaserschneidanlage\/\" title=\"Rohrlaserschneidanlage Anlage 2\" ><\/a>\n<\/div>[\/vc_column][vc_column width=&#8220;1\/6&#8243;]\n<div id=\"interactive-banner-1-wrap-2458\" class=\"ult-banner-block ult-adjust-bottom-margin ult-bb-box  banner-style01 \"   style=\"\">\n\t<img decoding=\"async\" src=\"https:\/\/pusmetall.de\/cms\/wp-content\/uploads\/2024\/11\/DSC_6686_photographisches.com_ThomasKruse.jpg\" alt=\"null\">\n\t<h2  data-ultimate-target='#interactive-banner-1-wrap-2458 .bb-top-title '  data-responsive-json-new='{\"font-size\":\"\",\"line-height\":\"\"}'  class=\"title-center bb-top-title ult-responsive\" style=\"font-weight:normal;background:#242424;color:#ffffff;\">Pulverbeschichtung<\/h2>\n\t<div class=\"mask opaque-background\" style=\"background:rgba(30,115,190,0.47);\">\n\t\t<div  data-ultimate-target='#interactive-banner-1-wrap-2458 .bb-description'  data-responsive-json-new='{\"font-size\":\"\",\"line-height\":\"\"}'  class=\"bb-description ult-responsive\" style=\"font-weight:normal;color:#ffffff;\">Hier kann etwas zu der Rubrik stehen!<\/div>\n\t<\/div><a class=\"bb-link\" href=\"https:\/\/pusmetall.de\/cms\/pulverbeschichtung\/\" title=\"Rohrlaserschneidanlage Anlage 2\" ><\/a>\n<\/div>[\/vc_column][vc_column width=&#8220;1\/6&#8243;]\n<div id=\"interactive-banner-1-wrap-8645\" class=\"ult-banner-block ult-adjust-bottom-margin ult-bb-box  banner-style01 \"   style=\"\">\n\t<img decoding=\"async\" src=\"https:\/\/pusmetall.de\/cms\/wp-content\/uploads\/2024\/11\/DSC_6885_photographisches.com_ThomasKruse.jpg\" alt=\"null\">\n\t<h2  data-ultimate-target='#interactive-banner-1-wrap-8645 .bb-top-title '  data-responsive-json-new='{\"font-size\":\"\",\"line-height\":\"\"}'  class=\"title-center bb-top-title ult-responsive\" style=\"font-weight:normal;background:#242424;color:#ffffff;\">Abkanten<\/h2>\n\t<div class=\"mask opaque-background\" style=\"background:rgba(30,115,190,0.47);\">\n\t\t<div  data-ultimate-target='#interactive-banner-1-wrap-8645 .bb-description'  data-responsive-json-new='{\"font-size\":\"\",\"line-height\":\"\"}'  class=\"bb-description ult-responsive\" style=\"font-weight:normal;color:#ffffff;\">Hier kann etwas zu der Rubrik stehen!<\/div>\n\t<\/div><a class=\"bb-link\" href=\"https:\/\/pusmetall.de\/cms\/rohrlaserschneidanlage\/\" title=\"Rohrlaserschneidanlage Anlage 2\" ><\/a>\n<\/div>[\/vc_column][vc_column width=&#8220;1\/6&#8243;]\n<div id=\"interactive-banner-1-wrap-3966\" class=\"ult-banner-block ult-adjust-bottom-margin ult-bb-box  banner-style01 \"   style=\"\">\n\t<img decoding=\"async\" src=\"https:\/\/pusmetall.de\/cms\/wp-content\/uploads\/2024\/11\/DSC_6732_photographisches.com_ThomasKruse-2.jpg\" alt=\"null\">\n\t<h2  data-ultimate-target='#interactive-banner-1-wrap-3966 .bb-top-title '  data-responsive-json-new='{\"font-size\":\"\",\"line-height\":\"\"}'  class=\"title-center bb-top-title ult-responsive\" style=\"font-weight:normal;background:#242424;color:#ffffff;\">Biegen<\/h2>\n\t<div class=\"mask opaque-background\" style=\"background:rgba(30,115,190,0.47);\">\n\t\t<div  data-ultimate-target='#interactive-banner-1-wrap-3966 .bb-description'  data-responsive-json-new='{\"font-size\":\"\",\"line-height\":\"\"}'  class=\"bb-description ult-responsive\" style=\"font-weight:normal;color:#ffffff;\">Hier kann etwas zu der Rubrik stehen!<\/div>\n\t<\/div><a class=\"bb-link\" href=\"https:\/\/pusmetall.de\/cms\/rohrlaserschneidanlage\/\" title=\"Rohrlaserschneidanlage Anlage 2\" ><\/a>\n<\/div>[\/vc_column][vc_column width=&#8220;1\/6&#8243;]\n<div id=\"interactive-banner-1-wrap-1829\" class=\"ult-banner-block ult-adjust-bottom-margin ult-bb-box  banner-style01 \"   style=\"\">\n\t<img decoding=\"async\" src=\"https:\/\/pusmetall.de\/cms\/wp-content\/uploads\/2024\/11\/DSC_6732_photographisches.com_ThomasKruse-2.jpg\" alt=\"null\">\n\t<h2  data-ultimate-target='#interactive-banner-1-wrap-1829 .bb-top-title '  data-responsive-json-new='{\"font-size\":\"\",\"line-height\":\"\"}'  class=\"title-center bb-top-title ult-responsive\" style=\"font-weight:normal;background:#242424;color:#ffffff;\">Schwei\u00dfen<\/h2>\n\t<div class=\"mask opaque-background\" style=\"background:rgba(30,115,190,0.47);\">\n\t\t<div  data-ultimate-target='#interactive-banner-1-wrap-1829 .bb-description'  data-responsive-json-new='{\"font-size\":\"\",\"line-height\":\"\"}'  class=\"bb-description ult-responsive\" style=\"font-weight:normal;color:#ffffff;\">Hier kann etwas zu der Rubrik stehen!<\/div>\n\t<\/div><a class=\"bb-link\" href=\"https:\/\/pusmetall.de\/cms\/rohrlaserschneidanlage\/\" title=\"Rohrlaserschneidanlage Anlage 2\" ><\/a>\n<\/div>[\/vc_column][vc_column width=&#8220;1\/6&#8243;]\n<div id=\"interactive-banner-1-wrap-6207\" class=\"ult-banner-block ult-adjust-bottom-margin ult-bb-box  banner-style01 \"   style=\"\">\n\t<img decoding=\"async\" src=\"https:\/\/pusmetall.de\/cms\/wp-content\/uploads\/2024\/11\/DSC_6732_photographisches.com_ThomasKruse-2.jpg\" alt=\"null\">\n\t<h2  data-ultimate-target='#interactive-banner-1-wrap-6207 .bb-top-title '  data-responsive-json-new='{\"font-size\":\"\",\"line-height\":\"\"}'  class=\"title-center bb-top-title ult-responsive\" style=\"font-weight:normal;background:#242424;color:#ffffff;\">Stanzen<\/h2>\n\t<div class=\"mask opaque-background\" style=\"background:rgba(30,115,190,0.47);\">\n\t\t<div  data-ultimate-target='#interactive-banner-1-wrap-6207 .bb-description'  data-responsive-json-new='{\"font-size\":\"\",\"line-height\":\"\"}'  class=\"bb-description ult-responsive\" style=\"font-weight:normal;color:#ffffff;\">Hier kann etwas zu der Rubrik stehen!<\/div>\n\t<\/div><a class=\"bb-link\" href=\"https:\/\/pusmetall.de\/cms\/rohrlaserschneidanlage\/\" title=\"Rohrlaserschneidanlage Anlage 2\" ><\/a>\n<\/div>[\/vc_column][\/vc_row][vc_row full_width=&#8220;stretch_row_content&#8220; css=&#8220;.vc_custom_1512134224239{background-color: #ffffff !important;}&#8220;][vc_column][vc_row_inner][vc_column_inner][vc_separator color=&#8220;blue&#8220; css=&#8220;&#8220;][\/vc_column_inner][\/vc_row_inner][\/vc_column][\/vc_row][vc_row bg_type=&#8220;image&#8220; bg_override=&#8220;full&#8220;][vc_column][vc_single_image image=&#8220;2865&#8243; img_size=&#8220;full&#8220; alignment=&#8220;center&#8220; css=&#8220;&#8220;][\/vc_column][\/vc_row][vc_row full_width=&#8220;stretch_row_content&#8220; css=&#8220;.vc_custom_1512134224239{background-color: #ffffff !important;}&#8220;][vc_column][vc_row_inner][vc_column_inner][vc_separator color=&#8220;blue&#8220; css=&#8220;&#8220;][\/vc_column_inner][\/vc_row_inner][\/vc_column][vc_column][vc_gmaps link=&#8220;#E-8_JTNDaWZyYW1lJTIwc3JjJTNEJTIyaHR0cHMlM0ElMkYlMkZ3d3cuZ29vZ2xlLmNvbSUyRm1hcHMlMkZlbWJlZCUzRnBiJTNEJTIxMW0xOCUyMTFtMTIlMjExbTMlMjExZDEwNzU2NS4yMTAwNzY1NjMyNiUyMTJkMTMuMDYzNzcwNTYwMTQyNjYxJTIxM2Q1MC44NjQyMzI4NDkwMzc3OCUyMTJtMyUyMTFmMCUyMTJmMCUyMTNmMCUyMTNtMiUyMTFpMTAyNCUyMTJpNzY4JTIxNGYxMy4xJTIxM20zJTIxMW0yJTIxMXMweDQ3YTc1Y2YyYjc5NGJhMzElMjUzQTB4YzhiYjU3YWQ4ZjAwYTI3NyUyMTJzUCUyNTI2UyUyNTIwTWV0YWxsdGVjaG5payUyNTIwR21iSCUyMTVlMCUyMTNtMiUyMTFzZGUlMjEyc2RlJTIxNHYxNzMwOTg0MjM2NjI5JTIxNW0yJTIxMXNkZSUyMTJzZGUlMjIlMjB3aWR0aCUzRCUyMjYwMCUyMiUyMGhlaWdodCUzRCUyMjQ1MCUyMiUyMHN0eWxlJTNEJTIyYm9yZGVyJTNBMCUzQiUyMiUyMGFsbG93ZnVsbHNjcmVlbiUzRCUyMiUyMiUyMGxvYWRpbmclM0QlMjJsYXp5JTIyJTIwcmVmZXJyZXJwb2xpY3klM0QlMjJuby1yZWZlcnJlci13aGVuLWRvd25ncmFkZSUyMiUzRSUzQyUyRmlmcmFtZSUzRQ==&#8220; css=&#8220;&#8220;][\/vc_column][\/vc_row][vc_row full_width=&#8220;stretch_row_content&#8220; css=&#8220;.vc_custom_1512134224239{background-color: #ffffff !important;}&#8220;][vc_column][vc_row_inner][vc_column_inner][vc_separator color=&#8220;blue&#8220; css=&#8220;&#8220;][\/vc_column_inner][\/vc_row_inner][\/vc_column][\/vc_row]<\/p>\n<\/div>","protected":false},"excerpt":{"rendered":"<p>[vc_row][vc_column][vc_column_text css=&#8220;&#8220;]Herzlich Willkommen auf unserer Website. Die P&amp;S Metalltechnik GmbH wurde im Jahr 1990 durch unseren Gesch\u00e4ftsf\u00fchrer Dirk Sittner gegr\u00fcndet. Die P&amp;S Metalltechnik hat \u00fcber die Jahre seine Produktionsprozesse immer mehr optimiert. Dies gelang uns unter anderem durch den Einsatz von Roboteranlagen, welche unsere Prozesse effizienter und somit kosteng\u00fcnstiger f\u00fcr unsere Kunden gestalten konnten. Unser&hellip;<\/p>\n","protected":false},"author":2,"featured_media":0,"parent":0,"menu_order":0,"comment_status":"closed","ping_status":"closed","template":"","meta":{"pgc_sgb_lightbox_settings":"","footnotes":""},"class_list":["post-2954","page","type-page","status-publish","hentry","description-off"],"_links":{"self":[{"href":"https:\/\/pusmetall.de\/cms\/wp-json\/wp\/v2\/pages\/2954","targetHints":{"allow":["GET"]}}],"collection":[{"href":"https:\/\/pusmetall.de\/cms\/wp-json\/wp\/v2\/pages"}],"about":[{"href":"https:\/\/pusmetall.de\/cms\/wp-json\/wp\/v2\/types\/page"}],"author":[{"embeddable":true,"href":"https:\/\/pusmetall.de\/cms\/wp-json\/wp\/v2\/users\/2"}],"replies":[{"embeddable":true,"href":"https:\/\/pusmetall.de\/cms\/wp-json\/wp\/v2\/comments?post=2954"}],"version-history":[{"count":70,"href":"https:\/\/pusmetall.de\/cms\/wp-json\/wp\/v2\/pages\/2954\/revisions"}],"predecessor-version":[{"id":3089,"href":"https:\/\/pusmetall.de\/cms\/wp-json\/wp\/v2\/pages\/2954\/revisions\/3089"}],"wp:attachment":[{"href":"https:\/\/pusmetall.de\/cms\/wp-json\/wp\/v2\/media?parent=2954"}],"curies":[{"name":"wp","href":"https:\/\/api.w.org\/{rel}","templated":true}]}}